{"id":818,"date":"2015-07-02T07:19:48","date_gmt":"2015-07-02T07:19:48","guid":{"rendered":"http:\/\/condedelamonclova.wsisites.net\/?page_id=818"},"modified":"2025-03-04T12:06:25","modified_gmt":"2025-03-04T11:06:25","slug":"finca","status":"publish","type":"page","link":"https:\/\/www.condedelamonclova.com\/?page_id=818","title":{"rendered":"Finca"},"content":{"rendered":"<h4>La finca CASTILLO DE LA MONCLOVA es propiedad del EXCMO. SR. DUQUE DEL INFANTADO, D. IV\u00c1N DE ARTEAGA Y DEL ALC\u00c1ZAR.<\/h4>\n<p>La superficie de la finca es de 5.350 Hectareas, divididas en tres actividades, Agricultura, Agroindustria y ganader\u00eda.<br \/>\nSe encuentra situada en la campi\u00f1a del bajo Guadalquivir, formando parte del t\u00e9rmino municipal de Fuentes de Andaluc\u00eda, limitando a su vez con otras poblaciones, al Norte con Palma del R\u00edo, por el Este con La Luisiana y \u00c9cija, al Oeste con La Campana y al Sur con Fuentes de Andaluc\u00eda.<\/p>\n<p>Su clima es mediterr\u00e1neo con inviernos suaves, poco lluviosos (entre 400y 500 l\/m\u00b2 al a\u00f1o) y veranos calurosos.<br \/>\nLa geograf\u00eda del terreno, en su parte Sur-Oeste es llana, con ligeras pendientes y suelos en su mayor\u00eda arenosos, en el Noreste, encontramos un terreno con pendientes m\u00e1s pronunciadas y suelos arcillosos.<\/p>\n<p>En cuanto a las actividades de la finca, mencionadas anteriormente cabe destacar que la primera actividad es la Agricultura, en la que predominan los cultivos de cereales (trigo duro, trigo blando, cebada, avena y triticale), le siguen las oleaginosas (girasol y colza), leguminosas (habas, guisantes y garbanzos). En cuanto a cultivos arb\u00f3reos tenemos olivar, contando con distintas variedades, como Arbequina, Hojiblanca, Koroneiki y Frantoio. La segunda actividad es la agroindustria, donde existe una almazara, en la que se muelen las aceitunas de la finca, con una capacidad de molturaci\u00f3n de 120.000 kg diarios y una capacidad de almacenamiento, de 1 mill\u00f3n de kg de aceite, todo de cosecha propia.<\/p>\n<p>Contamos tambi\u00e9n con una planta de compostaje, donde se manipulan y transforman los residuos de la almazara (alpeorujo y hojas), mezclados con purines y esti\u00e9rcol (procedente de ganado vacuno existente en la finca), obteniendo un material de alto valor extructurante del terreno y alto valor nutritivo para las plantas cultivadas, lo cual nos supone un ahorro en la compra de abonos minerales y unos ingresos por la venta de parte de la producci\u00f3n de compost, que est\u00e1 teniendo mucha aceptaci\u00f3n tanto por parte de la agricultura como de jardiner\u00eda.<\/p>\n<p>La tercera actividad es la ganader\u00eda (vacuno de aptitud c\u00e1rnica en r\u00e9gimen extensivo), contando con 600 vacas nodrizas y 30 sementales, tanto hembras como machos, son de la raza LIMOUSINE de pura raza. La alimentaci\u00f3n del ganado es toda a base de productos naturales, aprovechando en primavera los pastos de una parte de monte bajo que existe en la finca, en verano las rastrojeras de la cosecha de cereales y en invierno se alimentan a base de avena y triticale ensilado, cultivado en la finca.<\/p>\n","protected":false},"excerpt":{"rendered":"<p>La finca CASTILLO DE LA MONCLOVA es propiedad del EXCMO. SR. DUQUE DEL INFANTADO, D. IV\u00c1N DE ARTEAGA Y DEL ALC\u00c1ZAR. La superficie de la finca es de 5.350 Hectareas, divididas en tres actividades, Agricultura, Agroindustria y ganader\u00eda. Se encuentra situada en la campi\u00f1a del bajo Guadalquivir, formando parte del t\u00e9rmino municipal de Fuentes de &hellip; <a onclick=\"javascript:pageTracker._trackPageview('\/outgoing\/www.condedelamonclova.com\/?page_id=818');\"  href=\"https:\/\/www.condedelamonclova.com\/?page_id=818\" class=\"more-link\">Contin\u00faa leyendo <span class=\"screen-reader-text\">Finca<\/span><\/a><\/p>\n","protected":false},"author":1,"featured_media":721,"parent":809,"menu_order":0,"comment_status":"open","ping_status":"open","template":"finca-template.php","meta":{"ngg_post_thumbnail":0,"footnotes":""},"_links":{"self":[{"href":"https:\/\/www.condedelamonclova.com\/index.php?rest_route=\/wp\/v2\/pages\/818"}],"collection":[{"href":"https:\/\/www.condedelamonclova.com\/index.php?rest_route=\/wp\/v2\/pages"}],"about":[{"href":"https:\/\/www.condedelamonclova.com\/index.php?rest_route=\/wp\/v2\/types\/page"}],"author":[{"embeddable":true,"href":"https:\/\/www.condedelamonclova.com\/index.php?rest_route=\/wp\/v2\/users\/1"}],"replies":[{"embeddable":true,"href":"https:\/\/www.condedelamonclova.com\/index.php?rest_route=%2Fwp%2Fv2%2Fcomments&post=818"}],"version-history":[{"count":6,"href":"https:\/\/www.condedelamonclova.com\/index.php?rest_route=\/wp\/v2\/pages\/818\/revisions"}],"predecessor-version":[{"id":2091,"href":"https:\/\/www.condedelamonclova.com\/index.php?rest_route=\/wp\/v2\/pages\/818\/revisions\/2091"}],"up":[{"embeddable":true,"href":"https:\/\/www.condedelamonclova.com\/index.php?rest_route=\/wp\/v2\/pages\/809"}],"wp:featuredmedia":[{"embeddable":true,"href":"https:\/\/www.condedelamonclova.com\/index.php?rest_route=\/wp\/v2\/media\/721"}],"wp:attachment":[{"href":"https:\/\/www.condedelamonclova.com\/index.php?rest_route=%2Fwp%2Fv2%2Fmedia&parent=818"}],"curies":[{"name":"wp","href":"https:\/\/api.w.org\/{rel}","templated":true}]}}